{"id":1897,"date":"2021-03-15T17:06:28","date_gmt":"2021-03-15T17:06:28","guid":{"rendered":"https:\/\/galeriaproarte.com\/?post_type=product&#038;p=1897"},"modified":"2021-03-19T23:34:39","modified_gmt":"2021-03-19T23:34:39","slug":"bodegon-con-sandia-y-melon","status":"publish","type":"product","link":"https:\/\/galeriaproarte.com\/?product=bodegon-con-sandia-y-melon","title":{"rendered":"Bodeg\u00f3n con sand\u00eda y mel\u00f3n"},"content":{"rendered":"","protected":false},"excerpt":{"rendered":"","protected":false},"featured_media":1898,"comment_status":"open","ping_status":"closed","template":"","meta":[],"yoast_head":"<!-- This site is optimized with the Yoast SEO plugin v15.9.1 - https:\/\/yoast.com\/wordpress\/plugins\/seo\/ -->\n<title>Bodeg\u00f3n con sand\u00eda y mel\u00f3n - Proarte Galeria<\/title>\n<link rel=\"canonical\" href=\"https:\/\/galeriaproarte.com\/?product=bodegon-con-sandia-y-melon\" \/>\n<meta property=\"og:locale\" content=\"es_ES\" \/>\n<meta property=\"og:type\" content=\"article\" \/>\n<meta property=\"og:title\" content=\"Bodeg\u00f3n con sand\u00eda y mel\u00f3n - Proarte Galeria\" \/>\n<meta property=\"og:url\" content=\"https:\/\/galeriaproarte.com\/?product=bodegon-con-sandia-y-melon\" \/>\n<meta property=\"og:site_name\" content=\"Proarte Galeria\" \/>\n<meta property=\"article:modified_time\" content=\"2021-03-19T23:34:39+00:00\" \/>\n<meta property=\"og:image\" content=\"https:\/\/galeriaproarte.com\/wp-content\/uploads\/2021\/03\/Bodegon-con-Sandia-y-Melon-1996-28X38-Cms-Acrilico.jpg\" \/>\n\t<meta property=\"og:image:width\" content=\"533\" \/>\n\t<meta property=\"og:image:height\" content=\"379\" \/>\n<meta name=\"twitter:card\" content=\"summary_large_image\" \/>\n<script type=\"application\/ld+json\" class=\"yoast-schema-graph\">{\"@context\":\"https:\/\/schema.org\",\"@graph\":[{\"@type\":\"WebSite\",\"@id\":\"https:\/\/galeriaproarte.com\/#website\",\"url\":\"https:\/\/galeriaproarte.com\/\",\"name\":\"Proarte Galeria\",\"description\":\"Promoviendo el arte Guatemalteco\",\"potentialAction\":[{\"@type\":\"SearchAction\",\"target\":\"https:\/\/galeriaproarte.com\/?s={search_term_string}\",\"query-input\":\"required name=search_term_string\"}],\"inLanguage\":\"es\"},{\"@type\":\"ImageObject\",\"@id\":\"https:\/\/galeriaproarte.com\/?product=bodegon-con-sandia-y-melon#primaryimage\",\"inLanguage\":\"es\",\"url\":\"https:\/\/galeriaproarte.com\/wp-content\/uploads\/2021\/03\/Bodegon-con-Sandia-y-Melon-1996-28X38-Cms-Acrilico.jpg\",\"width\":533,\"height\":379},{\"@type\":\"WebPage\",\"@id\":\"https:\/\/galeriaproarte.com\/?product=bodegon-con-sandia-y-melon#webpage\",\"url\":\"https:\/\/galeriaproarte.com\/?product=bodegon-con-sandia-y-melon\",\"name\":\"Bodeg\\u00f3n con sand\\u00eda y mel\\u00f3n - Proarte Galeria\",\"isPartOf\":{\"@id\":\"https:\/\/galeriaproarte.com\/#website\"},\"primaryImageOfPage\":{\"@id\":\"https:\/\/galeriaproarte.com\/?product=bodegon-con-sandia-y-melon#primaryimage\"},\"datePublished\":\"2021-03-15T17:06:28+00:00\",\"dateModified\":\"2021-03-19T23:34:39+00:00\",\"breadcrumb\":{\"@id\":\"https:\/\/galeriaproarte.com\/?product=bodegon-con-sandia-y-melon#breadcrumb\"},\"inLanguage\":\"es\",\"potentialAction\":[{\"@type\":\"ReadAction\",\"target\":[\"https:\/\/galeriaproarte.com\/?product=bodegon-con-sandia-y-melon\"]}]},{\"@type\":\"BreadcrumbList\",\"@id\":\"https:\/\/galeriaproarte.com\/?product=bodegon-con-sandia-y-melon#breadcrumb\",\"itemListElement\":[{\"@type\":\"ListItem\",\"position\":1,\"item\":{\"@type\":\"WebPage\",\"@id\":\"https:\/\/galeriaproarte.com\/\",\"url\":\"https:\/\/galeriaproarte.com\/\",\"name\":\"Home\"}},{\"@type\":\"ListItem\",\"position\":2,\"item\":{\"@type\":\"WebPage\",\"@id\":\"https:\/\/galeriaproarte.com\/?page_id=6\",\"url\":\"https:\/\/galeriaproarte.com\/?page_id=6\",\"name\":\"Cat\\u00e1logo\"}},{\"@type\":\"ListItem\",\"position\":3,\"item\":{\"@type\":\"WebPage\",\"@id\":\"https:\/\/galeriaproarte.com\/?product=bodegon-con-sandia-y-melon\",\"url\":\"https:\/\/galeriaproarte.com\/?product=bodegon-con-sandia-y-melon\",\"name\":\"Bodeg\\u00f3n con sand\\u00eda y mel\\u00f3n\"}}]}]}<\/script>\n<!-- \/ Yoast SEO plugin. -->","_links":{"self":[{"href":"https:\/\/galeriaproarte.com\/index.php?rest_route=\/wp\/v2\/product\/1897"}],"collection":[{"href":"https:\/\/galeriaproarte.com\/index.php?rest_route=\/wp\/v2\/product"}],"about":[{"href":"https:\/\/galeriaproarte.com\/index.php?rest_route=\/wp\/v2\/types\/product"}],"replies":[{"embeddable":true,"href":"https:\/\/galeriaproarte.com\/index.php?rest_route=%2Fwp%2Fv2%2Fcomments&post=1897"}],"wp:featuredmedia":[{"embeddable":true,"href":"https:\/\/galeriaproarte.com\/index.php?rest_route=\/wp\/v2\/media\/1898"}],"wp:attachment":[{"href":"https:\/\/galeriaproarte.com\/index.php?rest_route=%2Fwp%2Fv2%2Fmedia&parent=1897"}],"curies":[{"name":"wp","href":"https:\/\/api.w.org\/{rel}","templated":true}]}}